{"id":9,"date":"2019-11-08T13:28:01","date_gmt":"2019-11-08T13:28:01","guid":{"rendered":"https:\/\/bridge284.qodeinteractive.com\/?page_id=9"},"modified":"2022-03-08T17:17:10","modified_gmt":"2022-03-08T17:17:10","slug":"home","status":"publish","type":"page","link":"https:\/\/happyvalleyhomecare.com\/es\/","title":{"rendered":"home"},"content":{"rendered":"<div data-elementor-type=\"wp-page\" data-elementor-id=\"9\" class=\"elementor elementor-9\">\n\t\t\t\t\t\t<section class=\"elementor-section elementor-top-section elementor-element elementor-element-c9042d8 elementor-section-full_width elementor-section-height-default elementor-section-height-default parallax_section_no qode_elementor_container_no\" data-id=\"c9042d8\" data-element_type=\"section\" data-e-type=\"section\">\n\t\t\t\t\t\t<div class=\"elementor-container elementor-column-gap-default\">\n\t\t\t\t\t<div class=\"elementor-column elementor-col-100 elementor-top-column elementor-element elementor-element-9ab1248\" data-id=\"9ab1248\" data-element_type=\"column\" data-e-type=\"column\">\n\t\t\t<div class=\"elementor-widget-wrap elementor-element-populated\">\n\t\t\t\t\t\t\t<\/div>\n\t\t<\/div>\n\t\t\t\t\t<\/div>\n\t\t<\/section>\n\t\t\t\t<section class=\"elementor-section elementor-top-section elementor-element elementor-element-dcd10a2 elementor-section-full_width elementor-section-height-default elementor-section-height-default parallax_section_no qode_elementor_container_no\" data-id=\"dcd10a2\" data-element_type=\"section\" data-e-type=\"section\" data-settings=\"{&quot;background_background&quot;:&quot;classic&quot;}\">\n\t\t\t\t\t\t<div class=\"elementor-container elementor-column-gap-default\">\n\t\t\t\t\t<div class=\"elementor-column elementor-col-50 elementor-top-column elementor-element elementor-element-a82c32e\" data-id=\"a82c32e\" data-element_type=\"column\" data-e-type=\"column\">\n\t\t\t<div class=\"elementor-widget-wrap elementor-element-populated\">\n\t\t\t\t\t\t<section class=\"elementor-section elementor-inner-section elementor-element elementor-element-699f8cb elementor-section-boxed elementor-section-height-default elementor-section-height-default parallax_section_no qode_elementor_container_no\" data-id=\"699f8cb\" data-element_type=\"section\" data-e-type=\"section\">\n\t\t\t\t\t\t<div class=\"elementor-container elementor-column-gap-default\">\n\t\t\t\t\t<div class=\"elementor-column elementor-col-50 elementor-inner-column elementor-element elementor-element-b158925\" data-id=\"b158925\" data-element_type=\"column\" data-e-type=\"column\">\n\t\t\t<div class=\"elementor-widget-wrap elementor-element-populated\">\n\t\t\t\t\t\t<div class=\"elementor-element elementor-element-f85989e elementor-widget elementor-widget-image\" data-id=\"f85989e\" data-element_type=\"widget\" data-e-type=\"widget\" data-widget_type=\"image.default\">\n\t\t\t\t<div class=\"elementor-widget-container\">\n\t\t\t\t\t\t\t\t\t\t\t\t\t\t\t<img fetchpriority=\"high\" decoding=\"async\" width=\"300\" height=\"300\" src=\"https:\/\/happyvalleyhomecare.com\/wp-content\/uploads\/2020\/05\/happyvalley-iconAsset-8-300x300.png\" class=\"elementor-animation-bob attachment-medium size-medium wp-image-527\" alt=\"\" srcset=\"https:\/\/happyvalleyhomecare.com\/wp-content\/uploads\/2020\/05\/happyvalley-iconAsset-8-300x300.png 300w, https:\/\/happyvalleyhomecare.com\/wp-content\/uploads\/2020\/05\/happyvalley-iconAsset-8-150x150.png 150w, https:\/\/happyvalleyhomecare.com\/wp-content\/uploads\/2020\/05\/happyvalley-iconAsset-8.png 381w\" sizes=\"(max-width: 300px) 100vw, 300px\" \/>\t\t\t\t\t\t\t\t\t\t\t\t\t\t\t<\/div>\n\t\t\t\t<\/div>\n\t\t\t\t\t<\/div>\n\t\t<\/div>\n\t\t\t\t<div class=\"elementor-column elementor-col-50 elementor-inner-column elementor-element elementor-element-bdd676c\" data-id=\"bdd676c\" data-element_type=\"column\" data-e-type=\"column\">\n\t\t\t<div class=\"elementor-widget-wrap elementor-element-populated\">\n\t\t\t\t\t\t<div class=\"elementor-element elementor-element-4069d90 elementor-widget elementor-widget-heading\" data-id=\"4069d90\" data-element_type=\"widget\" data-e-type=\"widget\" data-widget_type=\"heading.default\">\n\t\t\t\t<div class=\"elementor-widget-container\">\n\t\t\t\t\t<h4 class=\"elementor-heading-title elementor-size-default\">Servicio Privado de Enfermer\u00eda (PDN)<\/h4>\t\t\t\t<\/div>\n\t\t\t\t<\/div>\n\t\t\t\t<div class=\"elementor-element elementor-element-a205756 elementor-widget elementor-widget-text-editor\" data-id=\"a205756\" data-element_type=\"widget\" data-e-type=\"widget\" data-widget_type=\"text-editor.default\">\n\t\t\t\t<div class=\"elementor-widget-container\">\n\t\t\t\t\t\t\t\t\t<p>Con nuestro servicio privado de enfermer\u00eda (PDN), le ofrecemos a los pacientes pedi\u00e1trica y sus familias con atenci\u00f3n, apoyo, y cuidado medico para las condiciones medicas complejas durante las 24 horas<\/p>\t\t\t\t\t\t\t\t<\/div>\n\t\t\t\t<\/div>\n\t\t\t\t<div class=\"elementor-element elementor-element-138f9ce elementor-widget elementor-widget-bridge_button\" data-id=\"138f9ce\" data-element_type=\"widget\" data-e-type=\"widget\" data-widget_type=\"bridge_button.default\">\n\t\t\t\t<div class=\"elementor-widget-container\">\n\t\t\t\t\t<a  itemprop=\"url\" href=\"\/es\/private-duty-nursing-pdn\/\" target=\"_self\" data-hover-background-color='#FFFFFF' data-hover-border-color='#889547' data-hover-color='#889547' class=\"qbutton  small enlarge\" style=\"color: #FFFFAD; background-color: #889547;\">Aprenda M\u00e1s<\/a>\t\t\t\t<\/div>\n\t\t\t\t<\/div>\n\t\t\t\t\t<\/div>\n\t\t<\/div>\n\t\t\t\t\t<\/div>\n\t\t<\/section>\n\t\t\t\t\t<\/div>\n\t\t<\/div>\n\t\t\t\t<div class=\"elementor-column elementor-col-50 elementor-top-column elementor-element elementor-element-f1f18f7\" data-id=\"f1f18f7\" data-element_type=\"column\" data-e-type=\"column\">\n\t\t\t<div class=\"elementor-widget-wrap elementor-element-populated\">\n\t\t\t\t\t\t<section class=\"elementor-section elementor-inner-section elementor-element elementor-element-249c3c7 elementor-section-boxed elementor-section-height-default elementor-section-height-default parallax_section_no qode_elementor_container_no\" data-id=\"249c3c7\" data-element_type=\"section\" data-e-type=\"section\">\n\t\t\t\t\t\t<div class=\"elementor-container elementor-column-gap-default\">\n\t\t\t\t\t<div class=\"elementor-column elementor-col-50 elementor-inner-column elementor-element elementor-element-6433ff7\" data-id=\"6433ff7\" data-element_type=\"column\" data-e-type=\"column\">\n\t\t\t<div class=\"elementor-widget-wrap elementor-element-populated\">\n\t\t\t\t\t\t<div class=\"elementor-element elementor-element-38493af elementor-widget elementor-widget-image\" data-id=\"38493af\" data-element_type=\"widget\" data-e-type=\"widget\" data-widget_type=\"image.default\">\n\t\t\t\t<div class=\"elementor-widget-container\">\n\t\t\t\t\t\t\t\t\t\t\t\t\t\t\t<img decoding=\"async\" width=\"381\" height=\"380\" src=\"https:\/\/happyvalleyhomecare.com\/wp-content\/uploads\/2020\/05\/happyvalley-iconAsset-9.png\" class=\"elementor-animation-bob attachment-full size-full wp-image-528\" alt=\"\" srcset=\"https:\/\/happyvalleyhomecare.com\/wp-content\/uploads\/2020\/05\/happyvalley-iconAsset-9.png 381w, https:\/\/happyvalleyhomecare.com\/wp-content\/uploads\/2020\/05\/happyvalley-iconAsset-9-300x300.png 300w, https:\/\/happyvalleyhomecare.com\/wp-content\/uploads\/2020\/05\/happyvalley-iconAsset-9-150x150.png 150w\" sizes=\"(max-width: 381px) 100vw, 381px\" \/>\t\t\t\t\t\t\t\t\t\t\t\t\t\t\t<\/div>\n\t\t\t\t<\/div>\n\t\t\t\t\t<\/div>\n\t\t<\/div>\n\t\t\t\t<div class=\"elementor-column elementor-col-50 elementor-inner-column elementor-element elementor-element-1e70468\" data-id=\"1e70468\" data-element_type=\"column\" data-e-type=\"column\">\n\t\t\t<div class=\"elementor-widget-wrap elementor-element-populated\">\n\t\t\t\t\t\t<div class=\"elementor-element elementor-element-63ba488 elementor-widget elementor-widget-heading\" data-id=\"63ba488\" data-element_type=\"widget\" data-e-type=\"widget\" data-widget_type=\"heading.default\">\n\t\t\t\t<div class=\"elementor-widget-container\">\n\t\t\t\t\t<h4 class=\"elementor-heading-title elementor-size-default\">Servicios de Asistente Personal<\/h4>\t\t\t\t<\/div>\n\t\t\t\t<\/div>\n\t\t\t\t<div class=\"elementor-element elementor-element-b82ecf8 elementor-widget elementor-widget-text-editor\" data-id=\"b82ecf8\" data-element_type=\"widget\" data-e-type=\"widget\" data-widget_type=\"text-editor.default\">\n\t\t\t\t<div class=\"elementor-widget-container\">\n\t\t\t\t\t\t\t\t\t<p>Si un miembro de la familia est\u00e1 lidiando con un problema debido a la edad o una discapacidad que requiere asistencia para realizar ciertas actividades en el hogar, entonces Happy Valley Home Care puede ayudar.<\/p>\t\t\t\t\t\t\t\t<\/div>\n\t\t\t\t<\/div>\n\t\t\t\t<div class=\"elementor-element elementor-element-2973bd0 elementor-widget elementor-widget-bridge_button\" data-id=\"2973bd0\" data-element_type=\"widget\" data-e-type=\"widget\" data-widget_type=\"bridge_button.default\">\n\t\t\t\t<div class=\"elementor-widget-container\">\n\t\t\t\t\t<a  itemprop=\"url\" href=\"\/es\/primary-home-care-phc\/\" target=\"_self\" data-hover-background-color='#FFFFFF' data-hover-border-color='#889547' data-hover-color='#889547' class=\"qbutton  small enlarge\" style=\"color: #FFFFAD; background-color: #889547;\">Aprenda M\u00e1s<\/a>\t\t\t\t<\/div>\n\t\t\t\t<\/div>\n\t\t\t\t\t<\/div>\n\t\t<\/div>\n\t\t\t\t\t<\/div>\n\t\t<\/section>\n\t\t\t\t\t<\/div>\n\t\t<\/div>\n\t\t\t\t\t<\/div>\n\t\t<\/section>\n\t\t\t\t<section class=\"elementor-section elementor-top-section elementor-element elementor-element-e4391f4 elementor-section-full_width qode_elementor_container_inner elementor-section-height-default elementor-section-height-default parallax_section_no\" data-id=\"e4391f4\" data-element_type=\"section\" data-e-type=\"section\">\n\t\t\t\t\t\t<div class=\"elementor-container elementor-column-gap-default\">\n\t\t\t\t\t<div class=\"elementor-column elementor-col-100 elementor-top-column elementor-element elementor-element-ca2557f\" data-id=\"ca2557f\" data-element_type=\"column\" data-e-type=\"column\">\n\t\t\t<div class=\"elementor-widget-wrap elementor-element-populated\">\n\t\t\t\t\t\t<div class=\"elementor-element elementor-element-269842f elementor-widget elementor-widget-heading\" data-id=\"269842f\" data-element_type=\"widget\" data-e-type=\"widget\" data-widget_type=\"heading.default\">\n\t\t\t\t<div class=\"elementor-widget-container\">\n\t\t\t\t\t<h2 class=\"elementor-heading-title elementor-size-default\"><h2>Ofrecemos Cuidado Donde M\u00e1s se Necesita \u2013 En Casa<\/h2><\/h2>\t\t\t\t<\/div>\n\t\t\t\t<\/div>\n\t\t\t\t<div class=\"elementor-element elementor-element-bd5fe14 elementor-widget-divider--view-line elementor-widget elementor-widget-divider\" data-id=\"bd5fe14\" data-element_type=\"widget\" data-e-type=\"widget\" data-widget_type=\"divider.default\">\n\t\t\t\t<div class=\"elementor-widget-container\">\n\t\t\t\t\t\t\t<div class=\"elementor-divider\">\n\t\t\t<span class=\"elementor-divider-separator\">\n\t\t\t\t\t\t<\/span>\n\t\t<\/div>\n\t\t\t\t\t\t<\/div>\n\t\t\t\t<\/div>\n\t\t\t\t\t<\/div>\n\t\t<\/div>\n\t\t\t\t\t<\/div>\n\t\t<\/section>\n\t\t\t\t<section class=\"elementor-section elementor-top-section elementor-element elementor-element-fac6749 elementor-section-boxed elementor-section-height-default elementor-section-height-default parallax_section_no qode_elementor_container_no\" data-id=\"fac6749\" data-element_type=\"section\" data-e-type=\"section\">\n\t\t\t\t\t\t<div class=\"elementor-container elementor-column-gap-default\">\n\t\t\t\t\t<div class=\"elementor-column elementor-col-100 elementor-top-column elementor-element elementor-element-2b72e4b\" data-id=\"2b72e4b\" data-element_type=\"column\" data-e-type=\"column\">\n\t\t\t<div class=\"elementor-widget-wrap elementor-element-populated\">\n\t\t\t\t\t\t<div class=\"elementor-element elementor-element-2a47574 elementor-widget elementor-widget-text-editor\" data-id=\"2a47574\" data-element_type=\"widget\" data-e-type=\"widget\" data-widget_type=\"text-editor.default\">\n\t\t\t\t<div class=\"elementor-widget-container\">\n\t\t\t\t\t\t\t\t\t<p>En Happy Valley Home Care, nuestro objetivo es otorgar en cuidado necesario para su ser querido en su propio hogar. Para nosotros, la experiencia con el paciente es suprema para todos nuestros servicios. Es por esto que nuestra compa\u00f1\u00eda de cuidado en casa de McAllen felizmente colabora con proveedores m\u00e9dicos para aprender el alcance de cuidado o asistencia que su ser querido necesita.<\/p>\t\t\t\t\t\t\t\t<\/div>\n\t\t\t\t<\/div>\n\t\t\t\t<div class=\"elementor-element elementor-element-a9fd645 elementor-widget elementor-widget-text-editor\" data-id=\"a9fd645\" data-element_type=\"widget\" data-e-type=\"widget\" data-widget_type=\"text-editor.default\">\n\t\t\t\t<div class=\"elementor-widget-container\">\n\t\t\t\t\t\t\t\t\t<p>Tambi\u00e9n crearemos planes que mejor beneficien el tratamiento y la asistencia de su ser querido. Siempre coordinamos juntos para proveer cuidado compasivo y centralizado para que su ser querido se sienta como parte de nuestra familia. Ofrecemos servicio privado de enfermer\u00eda (PDN por sus cifras en ingles) y servicios de cuidado privado en casa, y con un equipo que valora el cuidado en el hogar, su ser querido se beneficiar\u00e1 de tener un ayudante que har\u00e1 la experiencia entera sumamente positiva.<\/p>\t\t\t\t\t\t\t\t<\/div>\n\t\t\t\t<\/div>\n\t\t\t\t\t<\/div>\n\t\t<\/div>\n\t\t\t\t\t<\/div>\n\t\t<\/section>\n\t\t\t\t<section class=\"elementor-section elementor-top-section elementor-element elementor-element-bd3118b elementor-section-full_width elementor-section-height-default elementor-section-height-default parallax_section_no qode_elementor_container_no\" data-id=\"bd3118b\" data-element_type=\"section\" data-e-type=\"section\">\n\t\t\t\t\t\t<div class=\"elementor-container elementor-column-gap-default\">\n\t\t\t\t\t<div class=\"elementor-column elementor-col-50 elementor-top-column elementor-element elementor-element-1f729c1\" data-id=\"1f729c1\" data-element_type=\"column\" data-e-type=\"column\">\n\t\t\t<div class=\"elementor-widget-wrap elementor-element-populated\">\n\t\t\t\t\t\t<div class=\"elementor-element elementor-element-e3d333e elementor-widget elementor-widget-image\" data-id=\"e3d333e\" data-element_type=\"widget\" data-e-type=\"widget\" data-widget_type=\"image.default\">\n\t\t\t\t<div class=\"elementor-widget-container\">\n\t\t\t\t\t\t\t\t\t\t\t\t\t\t\t<img decoding=\"async\" width=\"1004\" height=\"600\" src=\"https:\/\/happyvalleyhomecare.com\/wp-content\/uploads\/2020\/06\/happyvalley-testimonials2.jpg\" class=\"attachment-full size-full wp-image-541\" alt=\"\" srcset=\"https:\/\/happyvalleyhomecare.com\/wp-content\/uploads\/2020\/06\/happyvalley-testimonials2.jpg 1004w, https:\/\/happyvalleyhomecare.com\/wp-content\/uploads\/2020\/06\/happyvalley-testimonials2-300x179.jpg 300w, https:\/\/happyvalleyhomecare.com\/wp-content\/uploads\/2020\/06\/happyvalley-testimonials2-768x459.jpg 768w, https:\/\/happyvalleyhomecare.com\/wp-content\/uploads\/2020\/06\/happyvalley-testimonials2-700x418.jpg 700w\" sizes=\"(max-width: 1004px) 100vw, 1004px\" \/>\t\t\t\t\t\t\t\t\t\t\t\t\t\t\t<\/div>\n\t\t\t\t<\/div>\n\t\t\t\t\t<\/div>\n\t\t<\/div>\n\t\t\t\t<div class=\"elementor-column elementor-col-50 elementor-top-column elementor-element elementor-element-556e097\" data-id=\"556e097\" data-element_type=\"column\" data-e-type=\"column\">\n\t\t\t<div class=\"elementor-widget-wrap elementor-element-populated\">\n\t\t\t\t\t\t<div class=\"elementor-element elementor-element-5b39ca7 elementor-widget elementor-widget-heading\" data-id=\"5b39ca7\" data-element_type=\"widget\" data-e-type=\"widget\" data-widget_type=\"heading.default\">\n\t\t\t\t<div class=\"elementor-widget-container\">\n\t\t\t\t\t<h2 class=\"elementor-heading-title elementor-size-default\"><h2>Nuestra Garant\u00eda Para Usted<\/h2><\/h2>\t\t\t\t<\/div>\n\t\t\t\t<\/div>\n\t\t\t\t<div class=\"elementor-element elementor-element-c765254 elementor-widget-divider--view-line elementor-widget elementor-widget-divider\" data-id=\"c765254\" data-element_type=\"widget\" data-e-type=\"widget\" data-widget_type=\"divider.default\">\n\t\t\t\t<div class=\"elementor-widget-container\">\n\t\t\t\t\t\t\t<div class=\"elementor-divider\">\n\t\t\t<span class=\"elementor-divider-separator\">\n\t\t\t\t\t\t<\/span>\n\t\t<\/div>\n\t\t\t\t\t\t<\/div>\n\t\t\t\t<\/div>\n\t\t\t\t<div class=\"elementor-element elementor-element-28fe5fe elementor-widget elementor-widget-text-editor\" data-id=\"28fe5fe\" data-element_type=\"widget\" data-e-type=\"widget\" data-widget_type=\"text-editor.default\">\n\t\t\t\t<div class=\"elementor-widget-container\">\n\t\t\t\t\t\t\t\t\t<p>Happy Valley Home Care es la respuesta para su problema. Nuestros clientes significan todo para nosotros, y ya que los vemos como familia, los tratamos de la misma forma. Nuestras pr\u00e1cticas y planes de tratamiento est\u00e1n dise\u00f1ados espec\u00edficamente junto con su m\u00e9dico para cumplir con sus requisitos y los de su familia.<\/p>\t\t\t\t\t\t\t\t<\/div>\n\t\t\t\t<\/div>\n\t\t\t\t\t<\/div>\n\t\t<\/div>\n\t\t\t\t\t<\/div>\n\t\t<\/section>\n\t\t\t\t<\/div>","protected":false},"excerpt":{"rendered":"<p>Private Duty Nursing (PDN) With our private duty nursing (PDN) service, we provide our pediatric patients and their families with attention, support, and 24-hour medical care for many complex medical conditions. Learn More Primary Home Care (PHC) If a family member is dealing with an&#8230;<\/p>","protected":false},"author":1,"featured_media":0,"parent":0,"menu_order":0,"comment_status":"closed","ping_status":"closed","template":"elementor_header_footer","meta":{"footnotes":""},"class_list":["post-9","page","type-page","status-publish","hentry"],"_links":{"self":[{"href":"https:\/\/happyvalleyhomecare.com\/es\/wp-json\/wp\/v2\/pages\/9","targetHints":{"allow":["GET"]}}],"collection":[{"href":"https:\/\/happyvalleyhomecare.com\/es\/wp-json\/wp\/v2\/pages"}],"about":[{"href":"https:\/\/happyvalleyhomecare.com\/es\/wp-json\/wp\/v2\/types\/page"}],"author":[{"embeddable":true,"href":"https:\/\/happyvalleyhomecare.com\/es\/wp-json\/wp\/v2\/users\/1"}],"replies":[{"embeddable":true,"href":"https:\/\/happyvalleyhomecare.com\/es\/wp-json\/wp\/v2\/comments?post=9"}],"version-history":[{"count":0,"href":"https:\/\/happyvalleyhomecare.com\/es\/wp-json\/wp\/v2\/pages\/9\/revisions"}],"wp:attachment":[{"href":"https:\/\/happyvalleyhomecare.com\/es\/wp-json\/wp\/v2\/media?parent=9"}],"curies":[{"name":"wp","href":"https:\/\/api.w.org\/{rel}","templated":true}]}}