{"id":610,"date":"2020-08-05T14:58:02","date_gmt":"2020-08-05T14:58:02","guid":{"rendered":"http:\/\/happyvalleyhomecare.com\/jobs\/"},"modified":"2021-01-25T19:54:25","modified_gmt":"2021-01-25T19:54:25","slug":"jobs","status":"publish","type":"page","link":"https:\/\/happyvalleyhomecare.com\/es\/jobs\/","title":{"rendered":"Empleo"},"content":{"rendered":"<div class=\"job_listings\" data-location=\"\" data-keywords=\"\" data-show_filters=\"true\" data-show_pagination=\"false\" data-per_page=\"10\" data-orderby=\"featured\" data-order=\"DESC\" data-categories=\"\" data-disable-form-state-storage=\"\" data-featured_first=\"false\" data-post_id=\"610\" >\n<form class=\"job_filters\" action=\"\">\n\t\n\t<div class=\"search_jobs\">\n\t\t\n\t\t<div class=\"search_keywords\">\n\t\t\t<label for=\"search_keywords\">Palabras claves<\/label>\n\t\t\t<input type=\"text\" name=\"search_keywords\" id=\"search_keywords\" placeholder=\"Palabras claves\" value=\"\" \/>\n\t\t<\/div>\n\n\t\t<div class=\"search_location\">\n\t\t\t<label for=\"search_location\">Ubicaci\u00f3n<\/label>\n\t\t\t<input type=\"text\" name=\"search_location\" id=\"search_location\" placeholder=\"Ubicaci\u00f3n\" value=\"\" \/>\n\t\t<\/div>\n\n\t\t\t\t\t<div class=\"search_remote_position\">\n\t\t\t\t<input type=\"checkbox\" class=\"input-checkbox\" name=\"remote_position\" id=\"remote_position\" placeholder=\"Ubicaci\u00f3n\" value=\"1\"  \/>\n\t\t\t\t<label for=\"remote_position\" id=\"remote_position_label\">Remote positions only<\/label>\n\t\t\t<\/div>\n\t\t\n\t\t<div style=\"clear: both\"><\/div>\n\n\t\t\n\t\t\t\t\t<div class=\"search_submit\">\n\t\t\t\t<input type=\"submit\" value=\"Buscar trabajos\">\n\t\t\t<\/div>\n\t\t\n\t\t\t<\/div>\n\n\t\t<ul class=\"job_types\">\n\t\t\t<\/ul>\n\t<input type=\"hidden\" name=\"filter_job_type[]\" value=\"\" \/>\n<div class=\"showing_jobs\"><\/div><input type=\"hidden\" name=\"trp-form-language\" value=\"es\"\/><\/form>\n\n\n<noscript>Tu navegador no es compatible con JavaScript o est\u00e1 desactivado. JavaScript debe estar activado para poder ver los anuncios.<\/noscript>\n<ul class=\"job_listings\">\n<\/ul>\n<a class=\"load_more_jobs\" href=\"#\" style=\"display:none;\"><strong>Cargar m\u00e1s anuncios<\/strong><\/a><\/div>","protected":false},"excerpt":{"rendered":"Palabras claves Ubicaci\u00f3n Remote positions only Tu navegador no es compatible con JavaScript o est\u00e1 desactivado. JavaScript debe estar activado para poder ver los anuncios. Cargar m\u00e1s anuncios","protected":false},"author":1,"featured_media":0,"parent":0,"menu_order":0,"comment_status":"closed","ping_status":"closed","template":"","meta":{"footnotes":""},"class_list":["post-610","page","type-page","status-publish","hentry"],"_links":{"self":[{"href":"https:\/\/happyvalleyhomecare.com\/es\/wp-json\/wp\/v2\/pages\/610","targetHints":{"allow":["GET"]}}],"collection":[{"href":"https:\/\/happyvalleyhomecare.com\/es\/wp-json\/wp\/v2\/pages"}],"about":[{"href":"https:\/\/happyvalleyhomecare.com\/es\/wp-json\/wp\/v2\/types\/page"}],"author":[{"embeddable":true,"href":"https:\/\/happyvalleyhomecare.com\/es\/wp-json\/wp\/v2\/users\/1"}],"replies":[{"embeddable":true,"href":"https:\/\/happyvalleyhomecare.com\/es\/wp-json\/wp\/v2\/comments?post=610"}],"version-history":[{"count":0,"href":"https:\/\/happyvalleyhomecare.com\/es\/wp-json\/wp\/v2\/pages\/610\/revisions"}],"wp:attachment":[{"href":"https:\/\/happyvalleyhomecare.com\/es\/wp-json\/wp\/v2\/media?parent=610"}],"curies":[{"name":"wp","href":"https:\/\/api.w.org\/{rel}","templated":true}]}}